{"id":10345,"date":"2023-11-07T11:53:58","date_gmt":"2023-11-07T09:53:58","guid":{"rendered":"https:\/\/www.solsonesconsulting.com\/objectius-i-valors\/"},"modified":"2023-11-14T20:20:47","modified_gmt":"2023-11-14T18:20:47","slug":"objetivos-y-valores","status":"publish","type":"page","link":"https:\/\/www.solsonesconsulting.com\/es\/objetivos-y-valores\/","title":{"rendered":"Objetivos y valores"},"content":{"rendered":"<div class=\"wpb-content-wrapper\"><p>[vc_row kd_background_image_position=&#8221;vc_row-bg-position-top&#8221;][vc_column][vc_row_inner kd_background_image_position=&#8221;vc_row-bg-position-top&#8221; css=&#8221;.vc_custom_1606228443871{padding-top: 120px !important;padding-bottom: 110px !important;}&#8221; css_tablet_portrait=&#8221;.vc_custom_1606228443873{padding-top: 100px !important;}&#8221; css_mobile=&#8221;.vc_custom_1606228443874{padding-top: 100px !important;}&#8221;][vc_column_inner css=&#8221;.vc_custom_1598626887631{padding-right: 30px !important;padding-left: 0px !important;}&#8221; offset=&#8221;vc_col-lg-offset-0 vc_col-lg-6 vc_col-md-offset-0 vc_col-sm-offset-0&#8243; css_tablet_portrait=&#8221;.vc_custom_1598626887632{padding-right: 0px !important;}&#8221; css_mobile=&#8221;.vc_custom_1598626887633{padding-right: 0px !important;}&#8221;][vc_single_image image=&#8221;10179&#8243; img_size=&#8221;full&#8221; style=&#8221;vc_box_rounded&#8221;]<div class=\"kd-shapes shape_dots with-parallax kd-animated zoomIn\" style=\"right: -45px;bottom: -160px;width: 340px;height: 173px;\" data-parallax-speed=\"-0.05\" data-animation-delay=400><\/div>[\/vc_column_inner][vc_column_inner css=&#8221;.vc_custom_1606228210691{padding-right: 50px !important;padding-left: 100px !important;}&#8221; offset=&#8221;vc_col-lg-6&#8243; css_tablet_portrait=&#8221;.vc_custom_1606228210693{padding-top: 100px !important;padding-right: 15px !important;padding-left: 15px !important;}&#8221; css_mobile=&#8221;.vc_custom_1606228210694{padding-top: 100px !important;padding-right: 15px !important;padding-left: 15px !important;}&#8221; css_tablet_landscape=&#8221;.vc_custom_1606228210692{padding-top: 100px !important;padding-right: 10px !important;padding-left: 15px !important;}&#8221;]<header class=\"kd-section-title col-lg-12 text-left  subtitle-below-title kd-animated fadeIn   vc_custom_1699984890293\" data-animation-delay=200><h2 class=\"separator_off\" style=\"margin-bottom:30px;\">Objetivos y valores<\/h2><\/header><div class=\"key-icon-box icon-default icon-left cont-left ib-no-effect     icon-no-background icon-no-border kd-animated fadeIn\" style=\"background-color: transparent;margin-bottom:40px;\" data-animation-delay=200><div class=\"ib-simple-icon-wrapper\" ><i class=\"iconsmind-Target iconsmind-Seo-Icons\" style=\"font-size: 25px;font-weight: 700;\"><\/i> <\/div><h6 class=\"service-heading\" >Misi\u00f3n<\/h6><p style=\"font-size: 15px;\"><\/p>\n<p style=\"text-align: justify;\">Nuestra misi\u00f3n est\u00e1 enmarcada en tres \u00e1mbitos::<\/p>\n<p style=\"text-align: justify;\">1. <strong>Simplificar las tareas administrativas del peque\u00f1o empresario y de la PYME<\/strong> para que tengan m\u00e1s tiempo de dedicaci\u00f3n al que realmente les aporta valor a\u00f1adido<\/p>\n<p style=\"text-align: justify;\">2. Ser el &#8220;<strong>m\u00e9dico de cabecera<\/strong>&#8221; de los asuntos fiscales y legales del particular y su familia as\u00ed como del aut\u00f3nomo.<\/p>\n<p style=\"text-align: justify;\">3. <strong>Asesorar sobre la mejor gesti\u00f3n econ\u00f3mica y fiscal<\/strong> para conseguir su objetivo con mayor eficiencia.<\/p>\n<p><\/p><\/div><div class=\"key-icon-box icon-default icon-left cont-left ib-no-effect     icon-no-background icon-no-border kd-animated fadeIn\" style=\"background-color: transparent;margin-bottom:40px;\" data-animation-delay=200><div class=\"ib-simple-icon-wrapper\" ><i class=\"iconsmind-Eye-Scan iconsmind-Security\" style=\"font-size: 25px;font-weight: 700;\"><\/i> <\/div><h6 class=\"service-heading\" >Visi\u00f3n<\/h6><p style=\"font-size: 15px;\"><\/p>\n<p style=\"text-align: justify;\">Queremos ser una <strong>gestor\u00eda de referencia<\/strong> con el objetivo de servir a nuestros clientes de manera personalizada y con una <strong>gran calidad del servicio<\/strong> basado en la <strong>confianza<\/strong>.<\/p>\n<p><\/p><\/div><div class=\"key-icon-box icon-default icon-left cont-left ib-no-effect     icon-no-background icon-no-border kd-animated fadeIn\" style=\"background-color: transparent;\" data-animation-delay=200><div class=\"ib-simple-icon-wrapper\" ><i class=\"iconsmind-People-onCloud iconsmind-Cloud-Class\" style=\"font-size: 25px;font-weight: 700;\"><\/i> <\/div><h6 class=\"service-heading\" >Valores<\/h6><p style=\"font-size: 15px;\"><\/p>\n<p style=\"text-align: justify;\"><strong>Honestidad<\/strong>: Queremos ser transparentes, sinceros y francos con el objetivo de ganar la confianza y credibilidad de nuestros clientes.<\/p>\n<p style=\"text-align: justify;\"><strong>Calidad<\/strong>: Queremos ofrecer un servicio de calidad que va m\u00e1s all\u00e1 de la simple gesti\u00f3n.<\/p>\n<p style=\"text-align: justify;\"><strong>Orientaci\u00f3n al cliente<\/strong>: Nos adecuamos a las necesidades de nuestros clientes y velamos por su satisfacci\u00f3n.<\/p>\n<p style=\"text-align: justify;\"><strong>Diligencia<\/strong>: Nos ponemos manos a la obra sin dejar pasar el tiempo y nos preocupamos por el asunto en cuesti\u00f3n.<\/p>\n<p style=\"text-align: justify;\"><strong>Competitividad<\/strong>: Buscamos siempre la mejora de la eficiencia para incrementar la competitividad, potenciando la innovaci\u00f3n.<\/p>\n<p style=\"text-align: justify;\"><strong>Responsabilidad social<\/strong>: Asesoramos gratuitamente a j\u00f3venes emprendedores que quieran iniciar un negocio con el objetivo de potenciar el emprendimiento y la capacidad de generar riqueza en nuestro entorno.<\/p>\n<p><\/p><\/div>[\/vc_column_inner][\/vc_row_inner][\/vc_column][\/vc_row]<\/p>\n<\/div>","protected":false},"excerpt":{"rendered":"<p>[vc_row kd_background_image_position=&#8221;vc_row-bg-position-top&#8221;][vc_column][vc_row_inner kd_background_image_position=&#8221;vc_row-bg-position-top&#8221; css=&#8221;.vc_custom_1606228443871{padding-top: 120px !important;padding-bottom: 110px !important;}&#8221; css_tablet_portrait=&#8221;.vc_custom_1606228443873{padding-top: 100px !important;}&#8221; css_mobile=&#8221;.vc_custom_1606228443874{padding-top: 100px !important;}&#8221;][vc_column_inner css=&#8221;.vc_custom_1598626887631{padding-right: 30px !important;padding-left: 0px !important;}&#8221; offset=&#8221;vc_col-lg-offset-0 vc_col-lg-6 vc_col-md-offset-0 vc_col-sm-offset-0&#8243; css_tablet_portrait=&#8221;.vc_custom_1598626887632{padding-right: 0px !important;}&#8221; css_mobile=&#8221;.vc_custom_1598626887633{padding-right: 0px !important;}&#8221;][vc_single_image image=&#8221;10179&#8243; img_size=&#8221;full&#8221; style=&#8221;vc_box_rounded&#8221;][\/vc_column_inner][vc_column_inner css=&#8221;.vc_custom_1606228210691{padding-right: 50px !important;padding-left: 100px !important;}&#8221; offset=&#8221;vc_col-lg-6&#8243; css_tablet_portrait=&#8221;.vc_custom_1606228210693{padding-top: 100px !important;padding-right: 15px !important;padding-left: 15px !important;}&#8221; css_mobile=&#8221;.vc_custom_1606228210694{padding-top: 100px !important;padding-right: 15px !important;padding-left: [&hellip;]<\/p>\n","protected":false},"author":1,"featured_media":10166,"parent":0,"menu_order":5,"comment_status":"closed","ping_status":"closed","template":"","meta":{"footnotes":""},"aioseo_notices":[],"_links":{"self":[{"href":"https:\/\/www.solsonesconsulting.com\/es\/wp-json\/wp\/v2\/pages\/10345"}],"collection":[{"href":"https:\/\/www.solsonesconsulting.com\/es\/wp-json\/wp\/v2\/pages"}],"about":[{"href":"https:\/\/www.solsonesconsulting.com\/es\/wp-json\/wp\/v2\/types\/page"}],"author":[{"embeddable":true,"href":"https:\/\/www.solsonesconsulting.com\/es\/wp-json\/wp\/v2\/users\/1"}],"replies":[{"embeddable":true,"href":"https:\/\/www.solsonesconsulting.com\/es\/wp-json\/wp\/v2\/comments?post=10345"}],"version-history":[{"count":3,"href":"https:\/\/www.solsonesconsulting.com\/es\/wp-json\/wp\/v2\/pages\/10345\/revisions"}],"predecessor-version":[{"id":10348,"href":"https:\/\/www.solsonesconsulting.com\/es\/wp-json\/wp\/v2\/pages\/10345\/revisions\/10348"}],"wp:featuredmedia":[{"embeddable":true,"href":"https:\/\/www.solsonesconsulting.com\/es\/wp-json\/wp\/v2\/media\/10166"}],"wp:attachment":[{"href":"https:\/\/www.solsonesconsulting.com\/es\/wp-json\/wp\/v2\/media?parent=10345"}],"curies":[{"name":"wp","href":"https:\/\/api.w.org\/{rel}","templated":true}]}}