{"id":10340,"date":"2023-11-07T11:46:08","date_gmt":"2023-11-07T09:46:08","guid":{"rendered":"https:\/\/www.solsonesconsulting.com\/qui-som\/"},"modified":"2023-11-14T20:03:05","modified_gmt":"2023-11-14T18:03:05","slug":"quienes-somos","status":"publish","type":"page","link":"https:\/\/www.solsonesconsulting.com\/es\/quienes-somos\/","title":{"rendered":"\u00bfQui\u00e9nes somos?"},"content":{"rendered":"<div class=\"wpb-content-wrapper\"><p>[vc_row kd_background_image_position=&#8221;vc_row-bg-position-top&#8221;][vc_column][vc_row_inner kd_background_image_position=&#8221;vc_row-bg-position-top&#8221; css=&#8221;.vc_custom_1606228443871{padding-top: 120px !important;padding-bottom: 110px !important;}&#8221; css_tablet_portrait=&#8221;.vc_custom_1606228443873{padding-top: 100px !important;}&#8221; css_mobile=&#8221;.vc_custom_1606228443874{padding-top: 100px !important;}&#8221;][vc_column_inner css=&#8221;.vc_custom_1598626887631{padding-right: 30px !important;padding-left: 0px !important;}&#8221; offset=&#8221;vc_col-lg-offset-0 vc_col-lg-6 vc_col-md-offset-0 vc_col-sm-offset-0&#8243; css_tablet_portrait=&#8221;.vc_custom_1598626887632{padding-right: 0px !important;}&#8221; css_mobile=&#8221;.vc_custom_1598626887633{padding-right: 0px !important;}&#8221;][vc_single_image image=&#8221;10259&#8243; img_size=&#8221;full&#8221; style=&#8221;vc_box_rounded&#8221;]<div class=\"kd-shapes shape_dots with-parallax kd-animated zoomIn\" style=\"right: -45px;bottom: -160px;width: 340px;height: 173px;\" data-parallax-speed=\"-0.05\" data-animation-delay=400><\/div>[\/vc_column_inner][vc_column_inner css=&#8221;.vc_custom_1606228210691{padding-right: 50px !important;padding-left: 100px !important;}&#8221; offset=&#8221;vc_col-lg-6&#8243; css_tablet_portrait=&#8221;.vc_custom_1606228210693{padding-top: 100px !important;padding-right: 15px !important;padding-left: 15px !important;}&#8221; css_mobile=&#8221;.vc_custom_1606228210694{padding-top: 100px !important;padding-right: 15px !important;padding-left: 15px !important;}&#8221; css_tablet_landscape=&#8221;.vc_custom_1606228210692{padding-top: 100px !important;padding-right: 10px !important;padding-left: 15px !important;}&#8221;]<header class=\"kd-section-title col-lg-12 text-left  subtitle-below-title kd-animated fadeIn   vc_custom_1699984036437\" data-animation-delay=200><h2 class=\"separator_off\" style=\"margin-bottom:30px;\">\u00bfQui\u00e9nes somos?<\/h2><\/header>[vc_column_text]<\/p>\n<p style=\"text-align: justify;\"><strong>Solson\u00e8s Consulting, SL<\/strong> se constituy\u00f3 el 14\/03\/2001 y desde esta fecha a prestado los servicios de gesti\u00f3n y asesoramiento contable, fiscal, laboral i mercantil tanto a personas f\u00edsicas como a personas jur\u00eddicas.<\/p>\n<p style=\"text-align: justify;\">Siempre ha tenido tres l\u00edneas de negocio: los <strong>particulares<\/strong> ya sea en el asesoramiento fiscal, elaboraci\u00f3n de todo tipo de contratos, as\u00ed como en la intermediaci\u00f3n con los tr\u00e0mites que requer\u00eda la intervenci\u00f3n de un profesional; las <strong>empresas y aut\u00f3nomos<\/strong> en el asesoramiento contable, fiscal, laboral y mercantil propio de la actividad; y las <strong>comunidades de propietarios<\/strong>.<\/p>\n<p style=\"text-align: justify;\">Hasta el a\u00f1o 2022 est\u00e1bamos en un primer piso en la oficina de uno de los socios que opera como agente de seguros, de manera discreta ya que tenemos una clientela muy fiel y nos gusta mimarla y estar por ella.<\/p>\n<p style=\"text-align: justify;\">Ahora aprovechando que se ha realizado una renovaci\u00f3n de los socios, hemos decidido que <strong>nos queremos dar a conocer<\/strong> y despu\u00e9s de realitzar alguna inversi\u00f3n que nos ha permitido dar m\u00e1s visibilidad y a la vez nos assegura <strong>continuar garantizando la calidad de nuestro servicio<\/strong>, estamos muy orgullosos de mostrar nuestro equipo.<\/p>\n<p>[\/vc_column_text][\/vc_column_inner][\/vc_row_inner][\/vc_column][\/vc_row][vc_row full_width=&#8221;stretch_row&#8221; kd_background_image_position=&#8221;vc_row-bg-position-top&#8221; kd_background_overlay=&#8221;true&#8221;][vc_column css=&#8221;.vc_custom_1597847545062{padding-right: 0px !important;padding-left: 0px !important;}&#8221;][vc_row_inner kd_background_image_position=&#8221;vc_row-bg-position-top&#8221; css=&#8221;.vc_custom_1605635100320{padding-top: 100px !important;}&#8221;][vc_column_inner]<header class=\"kd-section-title col-lg-12 text-center  subtitle-below-title kd-animated fadeIn   vc_custom_1699984694345\" data-animation-delay=200><h2 class=\"separator_off\" >Nuestro equipo<\/h2><\/header>[vc_column_text]<\/p>\n<p style=\"text-align: center;\"><span class=\"C9DxTc \">El equipo de Solson\u00e8s Consulting,\u00a0<\/span><span class=\"C9DxTc \">est\u00e1 forma<\/span><span class=\"C9DxTc \">do<\/span><span class=\"C9DxTc \">\u00a0por un\u00a0<\/span><strong><span class=\"C9DxTc \">conjunto de profesionales <\/span><span class=\"C9DxTc \">y t\u00e9cnicos, j\u00f3venes de esp\u00edritu<\/span><span class=\"C9DxTc \">, din\u00e1mico, motivado y adaptado a l<\/span><span class=\"C9DxTc \">a<\/span><span class=\"C9DxTc \">s nuevas tecnolog\u00edas<\/span><\/strong><span class=\"C9DxTc \">, con\u00a0<\/span><span class=\"C9DxTc \">ganas<\/span><span class=\"C9DxTc \">\u00a0de\u00a0<\/span><span class=\"C9DxTc \"><strong>aportar soluciones<\/strong>\u00a0<\/span><span class=\"C9DxTc \">y<\/span><span class=\"C9DxTc \">\u00a0contribuir a\u00a0<\/span><strong><span class=\"C9DxTc \">mejorar d\u00eda a d\u00eda, la eficacia y<\/span><span class=\"C9DxTc \">\u00a0la\u00a0<\/span><\/strong><span class=\"C9DxTc \"><strong>eficiencia<\/strong>\u00a0<\/span><span class=\"C9DxTc \">de las operaciones realitzadas.<\/span><\/p>\n<p>[\/vc_column_text][\/vc_column_inner][\/vc_row_inner][vc_row_inner kd_background_image_position=&#8221;vc_row-bg-position-top&#8221; css=&#8221;.vc_custom_1605635075384{padding-bottom: 85px !important;}&#8221;][vc_column_inner width=&#8221;1\/3&#8243;]<div class=\"team-member design-classic kd-animated fadeInUp socials-disabled\" >\r\n                    <div class=\"team-content\">\r\n                        <div class=\"team-image-overlay\"><\/div>\r\n                        <div class=\"team-image\"><img loading=\"lazy\" decoding=\"async\" width=\"1196\" height=\"1196\" src=\"https:\/\/www.solsonesconsulting.com\/wp-content\/uploads\/2023\/11\/Foto-Ramon.jpg\" class=\"attachment-full\" alt=\"\" title=\"Foto Ramon\" srcset=\"https:\/\/www.solsonesconsulting.com\/wp-content\/uploads\/2023\/11\/Foto-Ramon.jpg 1196w, https:\/\/www.solsonesconsulting.com\/wp-content\/uploads\/2023\/11\/Foto-Ramon-300x300.jpg 300w, https:\/\/www.solsonesconsulting.com\/wp-content\/uploads\/2023\/11\/Foto-Ramon-1024x1024.jpg 1024w, https:\/\/www.solsonesconsulting.com\/wp-content\/uploads\/2023\/11\/Foto-Ramon-150x150.jpg 150w, https:\/\/www.solsonesconsulting.com\/wp-content\/uploads\/2023\/11\/Foto-Ramon-768x768.jpg 768w, https:\/\/www.solsonesconsulting.com\/wp-content\/uploads\/2023\/11\/Foto-Ramon-320x320.jpg 320w\" sizes=\"(max-width: 1196px) 100vw, 1196px\" \/><\/div>\r\n                        <div class=\"team-content-text\" >\r\n                        <div class=\"team-content-text-inner\">\r\n                        <h5 >Ramon Trench<\/h5>\r\n                        <span class=\"team-subtitle\" >Socio fundador y Agente de Seguros colegiado n\u00ba 59865<\/span>\r\n                        <p ><\/p><\/div><\/div>\r\n                    <\/div>\r\n                <\/div>[\/vc_column_inner][vc_column_inner width=&#8221;1\/3&#8243;]<div class=\"team-member design-classic kd-animated fadeInUp\" >\r\n                    <div class=\"team-content\">\r\n                        <div class=\"team-image-overlay\"><\/div>\r\n                        <div class=\"team-image\"><img loading=\"lazy\" decoding=\"async\" width=\"748\" height=\"747\" src=\"https:\/\/www.solsonesconsulting.com\/wp-content\/uploads\/2023\/11\/Foto-Josep-M.jpg\" class=\"attachment-full\" alt=\"\" title=\"Foto Josep M\" srcset=\"https:\/\/www.solsonesconsulting.com\/wp-content\/uploads\/2023\/11\/Foto-Josep-M.jpg 748w, https:\/\/www.solsonesconsulting.com\/wp-content\/uploads\/2023\/11\/Foto-Josep-M-300x300.jpg 300w, https:\/\/www.solsonesconsulting.com\/wp-content\/uploads\/2023\/11\/Foto-Josep-M-150x150.jpg 150w, https:\/\/www.solsonesconsulting.com\/wp-content\/uploads\/2023\/11\/Foto-Josep-M-320x320.jpg 320w\" sizes=\"(max-width: 748px) 100vw, 748px\" \/><\/div>\r\n                        <div class=\"team-content-text\" >\r\n                        <div class=\"team-content-text-inner\">\r\n                        <h5 >Josep M Tristany<\/h5>\r\n                        <span class=\"team-subtitle\" >Socio y Gestor Administrativo colegiado 3068<\/span>\r\n                        <p ><\/p><\/div><div class=\"team-socials\"><a href=\"https:\/\/www.linkedin.com\/in\/josep-m-tristany-trench-85883097\/\" target=\"_blank\"><span class=\"fab fa-linkedin-in\" ><\/span><\/a><\/div><\/div>\r\n                    <\/div>\r\n                <\/div>[\/vc_column_inner][vc_column_inner width=&#8221;1\/3&#8243;]<div class=\"team-member design-classic kd-animated fadeInUp\" >\r\n                    <div class=\"team-content\">\r\n                        <div class=\"team-image-overlay\"><\/div>\r\n                        <div class=\"team-image\"><img loading=\"lazy\" decoding=\"async\" width=\"706\" height=\"725\" src=\"https:\/\/www.solsonesconsulting.com\/wp-content\/uploads\/2023\/11\/Foto-Laia.jpg\" class=\"attachment-full\" alt=\"\" title=\"Foto Laia\" srcset=\"https:\/\/www.solsonesconsulting.com\/wp-content\/uploads\/2023\/11\/Foto-Laia.jpg 706w, https:\/\/www.solsonesconsulting.com\/wp-content\/uploads\/2023\/11\/Foto-Laia-292x300.jpg 292w\" sizes=\"(max-width: 706px) 100vw, 706px\" \/><\/div>\r\n                        <div class=\"team-content-text\" >\r\n                        <div class=\"team-content-text-inner\">\r\n                        <h5 >Laia Sala<\/h5>\r\n                        <span class=\"team-subtitle\" >Graduada en Administraci\u00f3n y Direcci\u00f3n de Empresas<\/span>\r\n                        <p ><\/p><\/div><div class=\"team-socials\"><a href=\"https:\/\/www.linkedin.com\/in\/laiasalatorres\/\" target=\"_blank\"><span class=\"fab fa-linkedin-in\" ><\/span><\/a><\/div><\/div>\r\n                    <\/div>\r\n                <\/div>[\/vc_column_inner][\/vc_row_inner][vc_row_inner kd_background_image_position=&#8221;vc_row-bg-position-top&#8221; css=&#8221;.vc_custom_1605635075384{padding-bottom: 85px !important;}&#8221;][vc_column_inner width=&#8221;1\/3&#8243;]<div class=\"team-member design-classic kd-animated fadeInUp socials-disabled\" >\r\n                    <div class=\"team-content\">\r\n                        <div class=\"team-image-overlay\"><\/div>\r\n                        <div class=\"team-image\"><img loading=\"lazy\" decoding=\"async\" width=\"744\" height=\"744\" src=\"https:\/\/www.solsonesconsulting.com\/wp-content\/uploads\/2023\/11\/Foto-Maria.jpg\" class=\"attachment-full\" alt=\"\" title=\"Foto Maria\" srcset=\"https:\/\/www.solsonesconsulting.com\/wp-content\/uploads\/2023\/11\/Foto-Maria.jpg 744w, https:\/\/www.solsonesconsulting.com\/wp-content\/uploads\/2023\/11\/Foto-Maria-300x300.jpg 300w, https:\/\/www.solsonesconsulting.com\/wp-content\/uploads\/2023\/11\/Foto-Maria-150x150.jpg 150w, https:\/\/www.solsonesconsulting.com\/wp-content\/uploads\/2023\/11\/Foto-Maria-320x320.jpg 320w\" sizes=\"(max-width: 744px) 100vw, 744px\" \/><\/div>\r\n                        <div class=\"team-content-text\" >\r\n                        <div class=\"team-content-text-inner\">\r\n                        <h5 >Maria Sunyer<\/h5>\r\n                        <span class=\"team-subtitle\" >T\u00e9cnica Superior en Administraci\u00f3n y Finanzas<\/span>\r\n                        <p ><\/p><\/div><\/div>\r\n                    <\/div>\r\n                <\/div>[\/vc_column_inner][vc_column_inner width=&#8221;1\/3&#8243;]<div class=\"team-member design-classic kd-animated fadeInUp socials-disabled\" >\r\n                    <div class=\"team-content\">\r\n                        <div class=\"team-image-overlay\"><\/div>\r\n                        <div class=\"team-image\"><img loading=\"lazy\" decoding=\"async\" width=\"900\" height=\"900\" src=\"https:\/\/www.solsonesconsulting.com\/wp-content\/uploads\/2023\/11\/Foto-CRISTINA-A.jpg\" class=\"attachment-full\" alt=\"\" title=\"Foto CRISTINA A\" srcset=\"https:\/\/www.solsonesconsulting.com\/wp-content\/uploads\/2023\/11\/Foto-CRISTINA-A.jpg 900w, https:\/\/www.solsonesconsulting.com\/wp-content\/uploads\/2023\/11\/Foto-CRISTINA-A-300x300.jpg 300w, https:\/\/www.solsonesconsulting.com\/wp-content\/uploads\/2023\/11\/Foto-CRISTINA-A-150x150.jpg 150w, https:\/\/www.solsonesconsulting.com\/wp-content\/uploads\/2023\/11\/Foto-CRISTINA-A-768x768.jpg 768w, https:\/\/www.solsonesconsulting.com\/wp-content\/uploads\/2023\/11\/Foto-CRISTINA-A-320x320.jpg 320w\" sizes=\"(max-width: 900px) 100vw, 900px\" \/><\/div>\r\n                        <div class=\"team-content-text\" >\r\n                        <div class=\"team-content-text-inner\">\r\n                        <h5 >Cristina Dan<\/h5>\r\n                        <span class=\"team-subtitle\" >T\u00e9cnica Superior en Administraci\u00f3n y Finanzas<\/span>\r\n                        <p ><\/p><\/div><\/div>\r\n                    <\/div>\r\n                <\/div>[\/vc_column_inner][vc_column_inner width=&#8221;1\/3&#8243;][\/vc_column_inner][\/vc_row_inner][\/vc_column][\/vc_row]<\/p>\n<\/div>","protected":false},"excerpt":{"rendered":"<p>[vc_row kd_background_image_position=&#8221;vc_row-bg-position-top&#8221;][vc_column][vc_row_inner kd_background_image_position=&#8221;vc_row-bg-position-top&#8221; css=&#8221;.vc_custom_1606228443871{padding-top: 120px !important;padding-bottom: 110px !important;}&#8221; css_tablet_portrait=&#8221;.vc_custom_1606228443873{padding-top: 100px !important;}&#8221; css_mobile=&#8221;.vc_custom_1606228443874{padding-top: 100px !important;}&#8221;][vc_column_inner css=&#8221;.vc_custom_1598626887631{padding-right: 30px !important;padding-left: 0px !important;}&#8221; offset=&#8221;vc_col-lg-offset-0 vc_col-lg-6 vc_col-md-offset-0 vc_col-sm-offset-0&#8243; css_tablet_portrait=&#8221;.vc_custom_1598626887632{padding-right: 0px !important;}&#8221; css_mobile=&#8221;.vc_custom_1598626887633{padding-right: 0px !important;}&#8221;][vc_single_image image=&#8221;10259&#8243; img_size=&#8221;full&#8221; style=&#8221;vc_box_rounded&#8221;][\/vc_column_inner][vc_column_inner css=&#8221;.vc_custom_1606228210691{padding-right: 50px !important;padding-left: 100px !important;}&#8221; offset=&#8221;vc_col-lg-6&#8243; css_tablet_portrait=&#8221;.vc_custom_1606228210693{padding-top: 100px !important;padding-right: 15px !important;padding-left: 15px !important;}&#8221; css_mobile=&#8221;.vc_custom_1606228210694{padding-top: 100px !important;padding-right: 15px !important;padding-left: [&hellip;]<\/p>\n","protected":false},"author":1,"featured_media":10154,"parent":0,"menu_order":2,"comment_status":"closed","ping_status":"closed","template":"","meta":{"footnotes":""},"aioseo_notices":[],"_links":{"self":[{"href":"https:\/\/www.solsonesconsulting.com\/es\/wp-json\/wp\/v2\/pages\/10340"}],"collection":[{"href":"https:\/\/www.solsonesconsulting.com\/es\/wp-json\/wp\/v2\/pages"}],"about":[{"href":"https:\/\/www.solsonesconsulting.com\/es\/wp-json\/wp\/v2\/types\/page"}],"author":[{"embeddable":true,"href":"https:\/\/www.solsonesconsulting.com\/es\/wp-json\/wp\/v2\/users\/1"}],"replies":[{"embeddable":true,"href":"https:\/\/www.solsonesconsulting.com\/es\/wp-json\/wp\/v2\/comments?post=10340"}],"version-history":[{"count":4,"href":"https:\/\/www.solsonesconsulting.com\/es\/wp-json\/wp\/v2\/pages\/10340\/revisions"}],"predecessor-version":[{"id":10344,"href":"https:\/\/www.solsonesconsulting.com\/es\/wp-json\/wp\/v2\/pages\/10340\/revisions\/10344"}],"wp:featuredmedia":[{"embeddable":true,"href":"https:\/\/www.solsonesconsulting.com\/es\/wp-json\/wp\/v2\/media\/10154"}],"wp:attachment":[{"href":"https:\/\/www.solsonesconsulting.com\/es\/wp-json\/wp\/v2\/media?parent=10340"}],"curies":[{"name":"wp","href":"https:\/\/api.w.org\/{rel}","templated":true}]}}